{"id":2,"date":"2022-12-15T09:05:35","date_gmt":"2022-12-15T09:05:35","guid":{"rendered":"https:\/\/zauberlimonade.geheimpunkt.de\/wp\/?page_id=2"},"modified":"2023-01-19T14:51:31","modified_gmt":"2023-01-19T14:51:31","slug":"sample-page","status":"publish","type":"page","link":"https:\/\/zauberlimonade.geheimpunkt.de\/wp\/","title":{"rendered":"Sample Page"},"content":{"rendered":"\t\t<div data-elementor-type=\"wp-page\" data-elementor-id=\"2\" class=\"elementor elementor-2\">\n\t\t\t\t\t\t\t\t\t<section class=\"elementor-section elementor-top-section elementor-element elementor-element-6b28bcf elementor-section-boxed elementor-section-height-default elementor-section-height-default\" data-id=\"6b28bcf\" data-element_type=\"section\">\n\t\t\t\t\t\t<div class=\"elementor-container elementor-column-gap-default\">\n\t\t\t\t\t<div class=\"elementor-column elementor-col-100 elementor-top-column elementor-element elementor-element-629856e\" data-id=\"629856e\" data-element_type=\"column\">\n\t\t\t<div class=\"elementor-widget-wrap elementor-element-populated\">\n\t\t\t\t\t\t\t\t<div class=\"elementor-element elementor-element-ea2d974 elementor-widget elementor-widget-image\" data-id=\"ea2d974\" data-element_type=\"widget\" data-widget_type=\"image.default\">\n\t\t\t\t<div class=\"elementor-widget-container\">\n\t\t\t<style>\/*! elementor - v3.10.1 - 17-01-2023 *\/\n.elementor-widget-image{text-align:center}.elementor-widget-image a{display:inline-block}.elementor-widget-image a img[src$=\".svg\"]{width:48px}.elementor-widget-image img{vertical-align:middle;display:inline-block}<\/style>\t\t\t\t\t\t\t\t\t\t\t\t<img loading=\"lazy\" decoding=\"async\" width=\"916\" height=\"360\" src=\"https:\/\/zauberlimonade.geheimpunkt.de\/wp\/wp-content\/uploads\/2023\/01\/Startteaser_2240_880.jpg.jpeg\" class=\"attachment-large size-large wp-image-19\" alt=\"\" srcset=\"https:\/\/zauberlimonade.geheimpunkt.de\/wp\/wp-content\/uploads\/2023\/01\/Startteaser_2240_880.jpg.jpeg 916w, https:\/\/zauberlimonade.geheimpunkt.de\/wp\/wp-content\/uploads\/2023\/01\/Startteaser_2240_880.jpg-300x118.jpeg 300w, https:\/\/zauberlimonade.geheimpunkt.de\/wp\/wp-content\/uploads\/2023\/01\/Startteaser_2240_880.jpg-768x302.jpeg 768w\" sizes=\"auto, (max-width: 916px) 100vw, 916px\" \/>\t\t\t\t\t\t\t\t\t\t\t\t\t\t\t<\/div>\n\t\t\t\t<\/div>\n\t\t\t\t\t<\/div>\n\t\t<\/div>\n\t\t\t\t\t\t\t<\/div>\n\t\t<\/section>\n\t\t\t\t<section class=\"elementor-section elementor-top-section elementor-element elementor-element-7c2e529 elementor-section-boxed elementor-section-height-default elementor-section-height-default\" data-id=\"7c2e529\" data-element_type=\"section\">\n\t\t\t\t\t\t<div class=\"elementor-container elementor-column-gap-default\">\n\t\t\t\t\t<div class=\"elementor-column elementor-col-100 elementor-top-column elementor-element elementor-element-a635e43\" data-id=\"a635e43\" data-element_type=\"column\">\n\t\t\t<div class=\"elementor-widget-wrap elementor-element-populated\">\n\t\t\t\t\t\t\t\t<div class=\"elementor-element elementor-element-bf0a1ec elementor-widget elementor-widget-html\" data-id=\"bf0a1ec\" data-element_type=\"widget\" data-widget_type=\"html.default\">\n\t\t\t\t<div class=\"elementor-widget-container\">\n\t\t\t        \r\n    <div>\r\n        <div id=\"h5ap69f0d4b97cc69\" class=\"h5ap_standard_player\" style='width:70%;margin:0 auto;max-width: 100%;'>\r\n            <audio class=\"player\" playsinline controls  autoplay >\r\n                <source src=\"https:\/\/zauberlimonade.geheimpunkt.de\/wp\/wp-content\/uploads\/2023\/01\/Bibilimo.mp3\"  type=\"audio\/mp3\" \/>\r\n            <\/audio>\r\n        <\/div>\r\n    <\/div>\r\n\r\n    \t\t<\/div>\n\t\t\t\t<\/div>\n\t\t\t\t\t<\/div>\n\t\t<\/div>\n\t\t\t\t\t\t\t<\/div>\n\t\t<\/section>\n\t\t\t\t<section class=\"elementor-section elementor-top-section elementor-element elementor-element-3059e48 elementor-section-boxed elementor-section-height-default elementor-section-height-default\" data-id=\"3059e48\" data-element_type=\"section\">\n\t\t\t\t\t\t<div class=\"elementor-container elementor-column-gap-default\">\n\t\t\t\t\t<div class=\"elementor-column elementor-col-100 elementor-top-column elementor-element elementor-element-63c252b\" data-id=\"63c252b\" data-element_type=\"column\">\n\t\t\t<div class=\"elementor-widget-wrap elementor-element-populated\">\n\t\t\t\t\t\t\t\t<div class=\"elementor-element elementor-element-374609f elementor-widget-divider--view-line elementor-widget elementor-widget-divider\" data-id=\"374609f\" data-element_type=\"widget\" data-widget_type=\"divider.default\">\n\t\t\t\t<div class=\"elementor-widget-container\">\n\t\t\t<style>\/*! elementor - v3.10.1 - 17-01-2023 *\/\n.elementor-widget-divider{--divider-border-style:none;--divider-border-width:1px;--divider-color:#2c2c2c;--divider-icon-size:20px;--divider-element-spacing:10px;--divider-pattern-height:24px;--divider-pattern-size:20px;--divider-pattern-url:none;--divider-pattern-repeat:repeat-x}.elementor-widget-divider .elementor-divider{display:flex}.elementor-widget-divider .elementor-divider__text{font-size:15px;line-height:1;max-width:95%}.elementor-widget-divider .elementor-divider__element{margin:0 var(--divider-element-spacing);flex-shrink:0}.elementor-widget-divider .elementor-icon{font-size:var(--divider-icon-size)}.elementor-widget-divider .elementor-divider-separator{display:flex;margin:0;direction:ltr}.elementor-widget-divider--view-line_icon .elementor-divider-separator,.elementor-widget-divider--view-line_text .elementor-divider-separator{align-items:center}.elementor-widget-divider--view-line_icon .elementor-divider-separator:after,.elementor-widget-divider--view-line_icon .elementor-divider-separator:before,.elementor-widget-divider--view-line_text .elementor-divider-separator:after,.elementor-widget-divider--view-line_text .elementor-divider-separator:before{display:block;content:\"\";border-bottom:0;flex-grow:1;border-top:var(--divider-border-width) var(--divider-border-style) var(--divider-color)}.elementor-widget-divider--element-align-left .elementor-divider .elementor-divider-separator>.elementor-divider__svg:first-of-type{flex-grow:0;flex-shrink:100}.elementor-widget-divider--element-align-left .elementor-divider-separator:before{content:none}.elementor-widget-divider--element-align-left .elementor-divider__element{margin-left:0}.elementor-widget-divider--element-align-right .elementor-divider .elementor-divider-separator>.elementor-divider__svg:last-of-type{flex-grow:0;flex-shrink:100}.elementor-widget-divider--element-align-right .elementor-divider-separator:after{content:none}.elementor-widget-divider--element-align-right .elementor-divider__element{margin-right:0}.elementor-widget-divider:not(.elementor-widget-divider--view-line_text):not(.elementor-widget-divider--view-line_icon) .elementor-divider-separator{border-top:var(--divider-border-width) var(--divider-border-style) var(--divider-color)}.elementor-widget-divider--separator-type-pattern{--divider-border-style:none}.elementor-widget-divider--separator-type-pattern.elementor-widget-divider--view-line .elementor-divider-separator,.elementor-widget-divider--separator-type-pattern:not(.elementor-widget-divider--view-line) .elementor-divider-separator:after,.elementor-widget-divider--separator-type-pattern:not(.elementor-widget-divider--view-line) .elementor-divider-separator:before,.elementor-widget-divider--separator-type-pattern:not([class*=elementor-widget-divider--view]) .elementor-divider-separator{width:100%;min-height:var(--divider-pattern-height);-webkit-mask-size:var(--divider-pattern-size) 100%;mask-size:var(--divider-pattern-size) 100%;-webkit-mask-repeat:var(--divider-pattern-repeat);mask-repeat:var(--divider-pattern-repeat);background-color:var(--divider-color);-webkit-mask-image:var(--divider-pattern-url);mask-image:var(--divider-pattern-url)}.elementor-widget-divider--no-spacing{--divider-pattern-size:auto}.elementor-widget-divider--bg-round{--divider-pattern-repeat:round}.rtl .elementor-widget-divider .elementor-divider__text{direction:rtl}.e-con-inner>.elementor-widget-divider,.e-con>.elementor-widget-divider{width:var(--container-widget-width);--flex-grow:var(--container-widget-flex-grow)}<\/style>\t\t<div class=\"elementor-divider\">\n\t\t\t<span class=\"elementor-divider-separator\">\n\t\t\t\t\t\t<\/span>\n\t\t<\/div>\n\t\t\t\t<\/div>\n\t\t\t\t<\/div>\n\t\t\t\t\t<\/div>\n\t\t<\/div>\n\t\t\t\t\t\t\t<\/div>\n\t\t<\/section>\n\t\t\t\t<section class=\"elementor-section elementor-top-section elementor-element elementor-element-1a3d6e6 elementor-section-boxed elementor-section-height-default elementor-section-height-default\" data-id=\"1a3d6e6\" data-element_type=\"section\">\n\t\t\t\t\t\t<div class=\"elementor-container elementor-column-gap-default\">\n\t\t\t\t\t<div class=\"elementor-column elementor-col-100 elementor-top-column elementor-element elementor-element-73a96f0\" data-id=\"73a96f0\" data-element_type=\"column\">\n\t\t\t<div class=\"elementor-widget-wrap elementor-element-populated\">\n\t\t\t\t\t\t\t\t<div class=\"elementor-element elementor-element-a7c57be elementor-widget elementor-widget-text-editor\" data-id=\"a7c57be\" data-element_type=\"widget\" data-widget_type=\"text-editor.default\">\n\t\t\t\t<div class=\"elementor-widget-container\">\n\t\t\t<style>\/*! elementor - v3.10.1 - 17-01-2023 *\/\n.elementor-widget-text-editor.elementor-drop-cap-view-stacked .elementor-drop-cap{background-color:#818a91;color:#fff}.elementor-widget-text-editor.elementor-drop-cap-view-framed .elementor-drop-cap{color:#818a91;border:3px solid;background-color:transparent}.elementor-widget-text-editor:not(.elementor-drop-cap-view-default) .elementor-drop-cap{margin-top:8px}.elementor-widget-text-editor:not(.elementor-drop-cap-view-default) .elementor-drop-cap-letter{width:1em;height:1em}.elementor-widget-text-editor .elementor-drop-cap{float:left;text-align:center;line-height:1;font-size:50px}.elementor-widget-text-editor .elementor-drop-cap-letter{display:inline-block}<\/style>\t\t\t\t<h3>Ene Mene (L\u00f6sungswort 1) (L\u00f6sungswort 2), ich hab jetzt die (L\u00f6sungswort 3)! Hex Hex.<\/h3>\t\t\t\t\t\t<\/div>\n\t\t\t\t<\/div>\n\t\t\t\t\t<\/div>\n\t\t<\/div>\n\t\t\t\t\t\t\t<\/div>\n\t\t<\/section>\n\t\t\t\t<section class=\"elementor-section elementor-top-section elementor-element elementor-element-ceaa9e4 elementor-section-boxed elementor-section-height-default elementor-section-height-default\" data-id=\"ceaa9e4\" data-element_type=\"section\">\n\t\t\t\t\t\t<div class=\"elementor-container elementor-column-gap-default\">\n\t\t\t\t\t<div class=\"elementor-column elementor-col-100 elementor-top-column elementor-element elementor-element-68a9ee0\" data-id=\"68a9ee0\" data-element_type=\"column\">\n\t\t\t<div class=\"elementor-widget-wrap elementor-element-populated\">\n\t\t\t\t\t\t\t\t<div class=\"elementor-element elementor-element-ab0751c animated-slow elementor-invisible elementor-widget elementor-widget-html\" data-id=\"ab0751c\" data-element_type=\"widget\" data-settings=\"{&quot;_animation&quot;:&quot;fadeIn&quot;}\" data-widget_type=\"html.default\">\n\t\t\t\t<div class=\"elementor-widget-container\">\n\t\t\t<center>\r\n\r\n<form>\r\n\r\n\r\n\r\n  <div class=\"form-group\">\r\n   <input type=\"text\"  id=\"myText1\" style=\"background-color:#eeeeee;color:#F41923;\" class=\"input-field\" name=\"text_1\" placeholder=\"L\u00f6sungswort 1\"  onkeyup=\"myFunction1()\">\r\n   <input type=\"text\"  id=\"myText2\"  style=\"background-color: #eeeeee;color:#F41923;\" class=\"input-field\" name=\"text_2\" placeholder=\"L\u00f6sungswort 2\" onkeyup=\"myFunction2()\">\r\n   <input type=\"text\"  id=\"myText3\"  style=\"background-color: #eeeeee;color:#F41923;\" class=\"input-field\" name=\"text_3\" placeholder=\"L\u00f6sungswort 3\" onkeyup=\"myFunction3()\">\r\n  <\/div>\r\n  <p ><input type=\"button\" id=\"Musik\" disabled value=\"Hex Hex\" onclick=\"playMusic(); disableButton()\" \/>\r\n\r\n  \r\n<\/form>\r\n <\/center>\r\n\r\n<script>\r\nfunction myFunction1() {\r\n  let x = document.getElementById(\"myText1\");\r\n\tx.value = x.value.toLowerCase();\r\n  if(x.value == \"walpurgias\"){ \/\/Walpurgias\r\n    x.value = x.value.toUpperCase(); \/\/Walpurgias\r\n\tx.style.color = 'green';\r\n\tx.disabled = true;\r\ncheckcorrect();\r\n  }else {\r\n            button.style.color = 'green';\r\n\t\t\t}\r\n}\r\nfunction myFunction2() {\r\n  let x = document.getElementById(\"myText2\");\r\n\tx.value = x.value.toLowerCase();\r\n  if(x.value == \"nichte\"){ \/\/nichte\r\n    x.value = x.value.toUpperCase(); \/\/Nichte\r\n\tx.style.color = 'green';\r\n\tx.disabled = true;\r\ncheckcorrect();\r\n  }else {\r\n            button.style.color = 'green';\r\n\t\t\t}\r\n}\r\n\r\nfunction myFunction3() {\r\n  let x = document.getElementById(\"myText3\");\r\n\tx.value = x.value.toLowerCase();\r\n  if(x.value == \"h\u00f6rgeschichte\"){ \/\/H\u00f6rgeschichte\r\n    x.value = x.value.toUpperCase(); \/\/H\u00f6rgeschichte\r\n\tx.style.color = 'green';\r\n\tx.disabled = true;\r\n\tcheckcorrect();\r\n  }else {\r\n            button.style.color = 'green';\r\n\t\t\t}\r\n}\r\n\r\nfunction checkcorrect() {\r\nif(document.getElementById(\"myText1\").disabled){\r\nif(document.getElementById(\"myText2\").disabled){\r\nif(document.getElementById(\"myText3\").disabled){\r\ndocument.getElementById(\"Musik\").disabled = false;\r\n\r\n}\r\n\r\n}\r\n\r\n}\r\n}\r\nfunction playMusic() {\r\n  var music = new Audio('https:\/\/www.bibiblocksberg.de\/\/sites\/default\/files\/hoerspiele\/ep_audio\/Folge_003_Die_Zauberlimonade_BI_Hoerprobe_03.mp3');\r\n  music.play();\r\n\r\n  }\r\n  \r\n  \r\n<\/script>\r\n\r\n<\/body>\t\t<\/div>\n\t\t\t\t<\/div>\n\t\t\t\t\t<\/div>\n\t\t<\/div>\n\t\t\t\t\t\t\t<\/div>\n\t\t<\/section>\n\t\t\t\t\t\t\t<\/div>\n\t\t","protected":false},"excerpt":{"rendered":"<p>Ene Mene (L\u00f6sungswort 1) (L\u00f6sungswort 2), ich hab jetzt die (L\u00f6sungswort 3)! Hex Hex.<\/p>\n","protected":false},"author":1,"featured_media":0,"parent":0,"menu_order":0,"comment_status":"closed","ping_status":"open","template":"elementor_canvas","meta":{"_eb_attr":"","footnotes":""},"class_list":["post-2","page","type-page","status-publish","hentry"],"_links":{"self":[{"href":"https:\/\/zauberlimonade.geheimpunkt.de\/wp\/index.php?rest_route=\/wp\/v2\/pages\/2","targetHints":{"allow":["GET"]}}],"collection":[{"href":"https:\/\/zauberlimonade.geheimpunkt.de\/wp\/index.php?rest_route=\/wp\/v2\/pages"}],"about":[{"href":"https:\/\/zauberlimonade.geheimpunkt.de\/wp\/index.php?rest_route=\/wp\/v2\/types\/page"}],"author":[{"embeddable":true,"href":"https:\/\/zauberlimonade.geheimpunkt.de\/wp\/index.php?rest_route=\/wp\/v2\/users\/1"}],"replies":[{"embeddable":true,"href":"https:\/\/zauberlimonade.geheimpunkt.de\/wp\/index.php?rest_route=%2Fwp%2Fv2%2Fcomments&post=2"}],"version-history":[{"count":49,"href":"https:\/\/zauberlimonade.geheimpunkt.de\/wp\/index.php?rest_route=\/wp\/v2\/pages\/2\/revisions"}],"predecessor-version":[{"id":73,"href":"https:\/\/zauberlimonade.geheimpunkt.de\/wp\/index.php?rest_route=\/wp\/v2\/pages\/2\/revisions\/73"}],"wp:attachment":[{"href":"https:\/\/zauberlimonade.geheimpunkt.de\/wp\/index.php?rest_route=%2Fwp%2Fv2%2Fmedia&parent=2"}],"curies":[{"name":"wp","href":"https:\/\/api.w.org\/{rel}","templated":true}]}}